{"id":21998,"date":"2026-03-09T19:50:10","date_gmt":"2026-03-09T16:50:10","guid":{"rendered":"https:\/\/dariaignailph.com\/product\/5-15"},"modified":"2026-03-09T19:50:10","modified_gmt":"2026-03-09T16:50:10","slug":"5-15","status":"publish","type":"product","link":"https:\/\/dariaignailph.com\/es\/product\/5-15","title":{"rendered":"5"},"content":{"rendered":"<ul>\n<li style=\"font-weight: 400;\" aria-level=\"1\"><span style=\"font-weight: 400;\">Fotograf\u00eda de edici\u00f3n limitada, 300 archivos digitales<\/span><\/li>\n<li style=\"font-weight: 400;\" aria-level=\"1\"><span style=\"font-weight: 400;\">Licencia de uso \u00fanico &#8211; archivo original <\/span><\/li>\n<li style=\"font-weight: 400;\" aria-level=\"1\"><span style=\"font-weight: 400;\">Tipo de archivo digital: JPG, 300 DPI<\/span><\/li>\n<li style=\"font-weight: 400;\" aria-level=\"1\"><span style=\"font-weight: 400;\">Este archivo digital est\u00e1 retocado como una ilustraci\u00f3n vectorial. La ilustraci\u00f3n vectorial puede escalarse a cualquier tama\u00f1o sin perder calidad. Se recomiendan impresiones de gran formato.  <\/span><\/li>\n<li style=\"font-weight: 400;\" aria-level=\"1\"><span style=\"font-weight: 400;\">Esta es una descarga digital. El comprador podr\u00e1 descargar este archivo digital mediante el enlace que se enviar\u00e1 al correo electr\u00f3nico del comprador tan pronto como se complete la compra.<\/span><\/li>\n<li style=\"font-weight: 400;\" aria-level=\"1\"><span style=\"font-weight: 400;\">Aseg\u00farese de que su imprenta sea de alta calidad y utilice pantallas calibradas en color <\/span><\/li>\n<\/ul>\n","protected":false},"excerpt":{"rendered":"<p>          <strong>Ilustraci\u00f3n &#8211; fotograf\u00eda<\/strong><\/p>\n","protected":false},"featured_media":21995,"comment_status":"open","ping_status":"closed","template":"","meta":[],"product_brand":[],"product_cat":[262],"product_tag":[],"class_list":{"0":"post-21998","1":"product","2":"type-product","3":"status-publish","4":"has-post-thumbnail","6":"product_cat-octubre-2","8":"first","9":"instock","10":"downloadable","11":"virtual","12":"purchasable","13":"product-type-simple"},"_links":{"self":[{"href":"https:\/\/dariaignailph.com\/es\/wp-json\/wp\/v2\/product\/21998","targetHints":{"allow":["GET"]}}],"collection":[{"href":"https:\/\/dariaignailph.com\/es\/wp-json\/wp\/v2\/product"}],"about":[{"href":"https:\/\/dariaignailph.com\/es\/wp-json\/wp\/v2\/types\/product"}],"replies":[{"embeddable":true,"href":"https:\/\/dariaignailph.com\/es\/wp-json\/wp\/v2\/comments?post=21998"}],"version-history":[{"count":0,"href":"https:\/\/dariaignailph.com\/es\/wp-json\/wp\/v2\/product\/21998\/revisions"}],"wp:featuredmedia":[{"embeddable":true,"href":"https:\/\/dariaignailph.com\/es\/wp-json\/wp\/v2\/media\/21995"}],"wp:attachment":[{"href":"https:\/\/dariaignailph.com\/es\/wp-json\/wp\/v2\/media?parent=21998"}],"wp:term":[{"taxonomy":"product_brand","embeddable":true,"href":"https:\/\/dariaignailph.com\/es\/wp-json\/wp\/v2\/product_brand?post=21998"},{"taxonomy":"product_cat","embeddable":true,"href":"https:\/\/dariaignailph.com\/es\/wp-json\/wp\/v2\/product_cat?post=21998"},{"taxonomy":"product_tag","embeddable":true,"href":"https:\/\/dariaignailph.com\/es\/wp-json\/wp\/v2\/product_tag?post=21998"}],"curies":[{"name":"wp","href":"https:\/\/api.w.org\/{rel}","templated":true}]}}