{"id":16808,"date":"2022-12-11T12:37:18","date_gmt":"2022-12-11T09:37:18","guid":{"rendered":"https:\/\/dariaignailph.com\/oferta-publica-2\/"},"modified":"2025-04-21T14:12:17","modified_gmt":"2025-04-21T11:12:17","slug":"politica-de-privacidad","status":"publish","type":"page","link":"https:\/\/dariaignailph.com\/es\/politica-de-privacidad","title":{"rendered":"Pol\u00edtica de Privacidad"},"content":{"rendered":"<h3 class=\"\" data-start=\"100\" data-end=\"132\">1. Disposiciones Generales<\/h3>\n<p class=\"\" data-start=\"133\" data-end=\"540\">Esta Pol\u00edtica de Tratamiento de Datos Personales (en adelante, la \u201cPol\u00edtica\u201d) se elabora de conformidad con los requisitos de la Ley Federal N.\u00ba 152-FZ \u201cSobre Datos Personales\u201d del 27 de julio de 2006 (en adelante, la \u201cLey de Datos Personales\u201d) y define el procedimiento de tratamiento de datos personales y las medidas de seguridad implementadas por Daria Alexeevna Ignatenko (en adelante, la \u201cOperadora\u201d).<\/p>\n<p class=\"\" data-start=\"542\" data-end=\"895\">1.1. La Operadora da prioridad al respeto de los derechos y libertades humanas y civiles, incluida la protecci\u00f3n de la privacidad personal y familiar, al tratar datos personales.<br data-start=\"720\" data-end=\"723\" \/>1.2. Esta Pol\u00edtica se aplica a toda la informaci\u00f3n que la Operadora pueda obtener sobre los visitantes del sitio web <a class=\"\" href=\"https:\/\/dariaignailph.com\" target=\"_new\" rel=\"noopener\" data-start=\"840\" data-end=\"894\">https:\/\/dariaignailph.com<\/a>.<\/p>\n<hr class=\"\" data-start=\"897\" data-end=\"900\" \/>\n<h3 class=\"\" data-start=\"902\" data-end=\"951\">2. T\u00e9rminos Clave Utilizados en la Pol\u00edtica<\/h3>\n<p class=\"\" data-start=\"952\" data-end=\"2512\">2.1. <strong data-start=\"957\" data-end=\"1006\">Tratamiento automatizado de datos personales:<\/strong> Procesamiento mediante tecnolog\u00eda inform\u00e1tica.<br data-start=\"1053\" data-end=\"1056\" \/>2.2. <strong data-start=\"1061\" data-end=\"1093\">Bloqueo de datos personales:<\/strong> Suspensi\u00f3n temporal del tratamiento (excepto cuando sea necesario para actualizarlos).<br data-start=\"1180\" data-end=\"1183\" \/>2.3. <strong data-start=\"1188\" data-end=\"1202\">Sitio web:<\/strong> Conjunto de materiales gr\u00e1ficos, informativos, software y bases de datos accesibles en <a class=\"\" href=\"https:\/\/dariaignailph.com\" target=\"_new\" rel=\"noopener\" data-start=\"1290\" data-end=\"1344\">https:\/\/dariaignailph.com<\/a>.<br data-start=\"1345\" data-end=\"1348\" \/>2.4. <strong data-start=\"1353\" data-end=\"1400\">Sistema de informaci\u00f3n de datos personales:<\/strong> Sistema compuesto por bases de datos y tecnolog\u00edas de tratamiento.<br data-start=\"1467\" data-end=\"1470\" \/>2.5. <strong data-start=\"1475\" data-end=\"1513\">Anonimizaci\u00f3n de datos personales:<\/strong> Acciones que imposibilitan la identificaci\u00f3n del sujeto sin informaci\u00f3n adicional.<br data-start=\"1596\" data-end=\"1599\" \/>2.6. <strong data-start=\"1604\" data-end=\"1640\">Tratamiento de datos personales:<\/strong> Cualquier operaci\u00f3n con datos personales (recopilaci\u00f3n, almacenamiento, modificaci\u00f3n, eliminaci\u00f3n, etc.).<br data-start=\"1746\" data-end=\"1749\" \/>2.7. <strong data-start=\"1754\" data-end=\"1768\">Operadora:<\/strong> Persona natural o jur\u00eddica que organiza y\/o realiza el tratamiento de datos personales.<br data-start=\"1856\" data-end=\"1859\" \/>2.8. <strong data-start=\"1864\" data-end=\"1885\">Datos personales:<\/strong> Cualquier informaci\u00f3n que identifique directa o indirectamente al usuario del sitio.<br data-start=\"1970\" data-end=\"1973\" \/>2.9. <strong data-start=\"1978\" data-end=\"2017\">Datos personales de acceso p\u00fablico:<\/strong> Datos divulgados por el sujeto para acceso sin restricciones.<br data-start=\"2079\" data-end=\"2082\" \/>2.10. <strong data-start=\"2088\" data-end=\"2100\">Usuario:<\/strong> Cualquier visitante del sitio web.<br data-start=\"2135\" data-end=\"2138\" \/>2.11. <strong data-start=\"2144\" data-end=\"2178\">Provisi\u00f3n de datos personales:<\/strong> Divulgaci\u00f3n a personas determinadas.<br data-start=\"2215\" data-end=\"2218\" \/>2.12. <strong data-start=\"2224\" data-end=\"2257\">Difusi\u00f3n de datos personales:<\/strong> Divulgaci\u00f3n p\u00fablica (por ejemplo, mediante medios o internet).<br data-start=\"2320\" data-end=\"2323\" \/>2.13. <strong data-start=\"2329\" data-end=\"2363\">Transferencia transfronteriza:<\/strong> Transmisi\u00f3n a autoridades o entidades extranjeras.<br data-start=\"2414\" data-end=\"2417\" \/>2.14. <strong data-start=\"2423\" data-end=\"2459\">Eliminaci\u00f3n de datos personales:<\/strong> Eliminaci\u00f3n irreversible que impide su recuperaci\u00f3n.<\/p>\n<hr class=\"\" data-start=\"2514\" data-end=\"2517\" \/>\n<h3 class=\"\" data-start=\"2519\" data-end=\"2567\">3. Derechos y Obligaciones de la Operadora<\/h3>\n<p class=\"\" data-start=\"2568\" data-end=\"2604\"><strong data-start=\"2568\" data-end=\"2602\">3.1. Derechos de la Operadora:<\/strong><\/p>\n<ul data-start=\"2605\" data-end=\"2787\">\n<li class=\"\" data-start=\"2605\" data-end=\"2658\">\n<p class=\"\" data-start=\"2607\" data-end=\"2658\">Solicitar datos personales veraces a los sujetos.<\/p>\n<\/li>\n<li class=\"\" data-start=\"2659\" data-end=\"2728\">\n<p class=\"\" data-start=\"2661\" data-end=\"2728\">Continuar el tratamiento sin consentimiento si lo permite la ley.<\/p>\n<\/li>\n<li class=\"\" data-start=\"2729\" data-end=\"2787\">\n<p class=\"\" data-start=\"2731\" data-end=\"2787\">Aplicar medidas conforme a la Ley de Datos Personales.<\/p>\n<\/li>\n<\/ul>\n<p class=\"\" data-start=\"2789\" data-end=\"2829\"><strong data-start=\"2789\" data-end=\"2827\">3.2. Obligaciones de la Operadora:<\/strong><\/p>\n<ul data-start=\"2830\" data-end=\"3143\">\n<li class=\"\" data-start=\"2830\" data-end=\"2887\">\n<p class=\"\" data-start=\"2832\" data-end=\"2887\">Informar al sujeto sobre el tratamiento de sus datos.<\/p>\n<\/li>\n<li class=\"\" data-start=\"2888\" data-end=\"2935\">\n<p class=\"\" data-start=\"2890\" data-end=\"2935\">Tratar los datos seg\u00fan la legislaci\u00f3n rusa.<\/p>\n<\/li>\n<li class=\"\" data-start=\"2936\" data-end=\"2979\">\n<p class=\"\" data-start=\"2938\" data-end=\"2979\">Responder a solicitudes de los sujetos.<\/p>\n<\/li>\n<li class=\"\" data-start=\"2980\" data-end=\"3038\">\n<p class=\"\" data-start=\"2982\" data-end=\"3038\">Reportar a las autoridades competentes si se solicita.<\/p>\n<\/li>\n<li class=\"\" data-start=\"3039\" data-end=\"3099\">\n<p class=\"\" data-start=\"3041\" data-end=\"3099\">Garantizar la seguridad y confidencialidad de los datos.<\/p>\n<\/li>\n<li class=\"\" data-start=\"3100\" data-end=\"3143\">\n<p class=\"\" data-start=\"3102\" data-end=\"3143\">Eliminar los datos seg\u00fan lo exija la ley.<\/p>\n<\/li>\n<\/ul>\n<hr class=\"\" data-start=\"3145\" data-end=\"3148\" \/>\n<h3 class=\"\" data-start=\"3150\" data-end=\"3197\">4. Derechos y Obligaciones de los Sujetos<\/h3>\n<p class=\"\" data-start=\"3198\" data-end=\"3233\"><strong data-start=\"3198\" data-end=\"3231\">4.1. Derechos de los Sujetos:<\/strong><\/p>\n<ul data-start=\"3234\" data-end=\"3402\">\n<li class=\"\" data-start=\"3234\" data-end=\"3303\">\n<p class=\"\" data-start=\"3236\" data-end=\"3303\">Solicitar acceso, correcci\u00f3n, bloqueo o eliminaci\u00f3n de sus datos.<\/p>\n<\/li>\n<li class=\"\" data-start=\"3304\" data-end=\"3334\">\n<p class=\"\" data-start=\"3306\" data-end=\"3334\">Retirar su consentimiento.<\/p>\n<\/li>\n<li class=\"\" data-start=\"3335\" data-end=\"3402\">\n<p class=\"\" data-start=\"3337\" data-end=\"3402\">Presentar reclamaciones ante organismos autorizados o tribunales.<\/p>\n<\/li>\n<\/ul>\n<p class=\"\" data-start=\"3404\" data-end=\"3443\"><strong data-start=\"3404\" data-end=\"3441\">4.2. Obligaciones de los Sujetos:<\/strong><\/p>\n<ul data-start=\"3444\" data-end=\"3520\">\n<li class=\"\" data-start=\"3444\" data-end=\"3476\">\n<p class=\"\" data-start=\"3446\" data-end=\"3476\">Proporcionar datos precisos.<\/p>\n<\/li>\n<li class=\"\" data-start=\"3477\" data-end=\"3520\">\n<p class=\"\" data-start=\"3479\" data-end=\"3520\">Notificar actualizaciones a la Operadora.<\/p>\n<\/li>\n<\/ul>\n<p class=\"\" data-start=\"3522\" data-end=\"3622\"><strong data-start=\"3522\" data-end=\"3530\">4.3.<\/strong> Las personas que proporcionen informaci\u00f3n falsa son responsables seg\u00fan la legislaci\u00f3n rusa.<\/p>\n<hr class=\"\" data-start=\"3624\" data-end=\"3627\" \/>\n<h3 class=\"\" data-start=\"3629\" data-end=\"3673\">5. Principios del Tratamiento de Datos<\/h3>\n<ul data-start=\"3674\" data-end=\"3790\">\n<li class=\"\" data-start=\"3674\" data-end=\"3698\">\n<p class=\"\" data-start=\"3676\" data-end=\"3698\">Legalidad y equidad.<\/p>\n<\/li>\n<li class=\"\" data-start=\"3699\" data-end=\"3727\">\n<p class=\"\" data-start=\"3701\" data-end=\"3727\">Limitaci\u00f3n de prop\u00f3sito.<\/p>\n<\/li>\n<li class=\"\" data-start=\"3728\" data-end=\"3757\">\n<p class=\"\" data-start=\"3730\" data-end=\"3757\">Minimizaci\u00f3n y precisi\u00f3n.<\/p>\n<\/li>\n<li class=\"\" data-start=\"3758\" data-end=\"3790\">\n<p class=\"\" data-start=\"3760\" data-end=\"3790\">Limitaci\u00f3n del almacenamiento.<\/p>\n<\/li>\n<\/ul>\n<hr class=\"\" data-start=\"3792\" data-end=\"3795\" \/>\n<h3 class=\"\" data-start=\"3797\" data-end=\"3827\">6. Fines del Tratamiento<\/h3>\n<div class=\"group pointer-events-none relative flex justify-center *:pointer-events-auto\"><button class=\"hover:bg-token-main-surface-secondary text-token-text-secondary pointer-events-auto rounded-lg px-1 py-1 opacity-0 transition-opacity duration-200 group-focus-within:opacity-100 group-hover:opacity-100\"><\/button><\/p>\n<div class=\"tableContainer horzScrollShadows relative\">\n<table class=\"min-w-full\" data-start=\"3829\" data-end=\"4364\">\n<thead data-start=\"3829\" data-end=\"3996\">\n<tr data-start=\"3829\" data-end=\"3996\">\n<th data-start=\"3829\" data-end=\"3866\">Finalidad<\/th>\n<th data-start=\"3866\" data-end=\"3906\">Datos Personales<\/th>\n<th data-start=\"3906\" data-end=\"3951\">Base Legal<\/th>\n<th data-start=\"3951\" data-end=\"3996\">Tipo de Tratamiento<\/th>\n<\/tr>\n<\/thead>\n<tbody data-start=\"4164\" data-end=\"4364\">\n<tr data-start=\"4164\" data-end=\"4364\">\n<td class=\"max-w-[calc(var(--thread-content-max-width)*2\/3)]\" data-start=\"4164\" data-end=\"4200\">Enviar informaci\u00f3n por correo<\/td>\n<td class=\"max-w-[calc(var(--thread-content-max-width)*2\/3)]\" data-start=\"4200\" data-end=\"4242\">Nombre, correo electr\u00f3nico, fotograf\u00edas<\/td>\n<td class=\"max-w-[calc(var(--thread-content-max-width)*2\/3)]\" data-start=\"4242\" data-end=\"4287\">Estatutos de la Operadora, acuerdos<\/td>\n<td class=\"max-w-[calc(var(--thread-content-max-width)*2\/3)] min-w-[calc(var(--thread-content-max-width)\/3)]\" data-start=\"4287\" data-end=\"4364\">Recopilaci\u00f3n, almacenamiento, anonimizaci\u00f3n, env\u00edo por correo electr\u00f3nico<\/td>\n<\/tr>\n<\/tbody>\n<\/table>\n<\/div>\n<\/div>\n<hr class=\"\" data-start=\"4366\" data-end=\"4369\" \/>\n<h3 class=\"\" data-start=\"4371\" data-end=\"4407\">7. Condiciones del Tratamiento<\/h3>\n<p class=\"\" data-start=\"4408\" data-end=\"4516\">El tratamiento est\u00e1 permitido con consentimiento, obligaci\u00f3n legal, ejecuci\u00f3n de contrato o inter\u00e9s p\u00fablico.<\/p>\n<hr class=\"\" data-start=\"4518\" data-end=\"4521\" \/>\n<h3 class=\"\" data-start=\"4523\" data-end=\"4576\">8. Recopilaci\u00f3n, Almacenamiento y Transferencia<\/h3>\n<ul data-start=\"4577\" data-end=\"4988\">\n<li class=\"\" data-start=\"4577\" data-end=\"4675\">\n<p class=\"\" data-start=\"4579\" data-end=\"4675\">La seguridad de los datos est\u00e1 garantizada mediante medidas legales, organizativas y t\u00e9cnicas.<\/p>\n<\/li>\n<li class=\"\" data-start=\"4676\" data-end=\"4759\">\n<p class=\"\" data-start=\"4678\" data-end=\"4759\">Los datos no se transfieren a terceros salvo obligaci\u00f3n legal o consentimiento.<\/p>\n<\/li>\n<li class=\"\" data-start=\"4760\" data-end=\"4889\">\n<p class=\"\" data-start=\"4762\" data-end=\"4889\">Los usuarios pueden actualizar sus datos escribiendo a <strong data-start=\"4817\" data-end=\"4847\"><a rel=\"noopener\" data-start=\"4819\" data-end=\"4845\">dariaigna.ill.ph@gmail.com<\/a><\/strong> con el asunto \u00abActualizaci\u00f3n de Datos\u00bb.<\/p>\n<\/li>\n<li class=\"\" data-start=\"4890\" data-end=\"4988\">\n<p class=\"\" data-start=\"4892\" data-end=\"4988\">El tratamiento cesa al cumplir sus fines, retirarse el consentimiento o por requerimiento legal.<\/p>\n<\/li>\n<\/ul>\n<hr class=\"\" data-start=\"4990\" data-end=\"4993\" \/>\n<h3 class=\"\" data-start=\"4995\" data-end=\"5040\">9. Acciones Realizadas por la Operadora<\/h3>\n<p class=\"\" data-start=\"5041\" data-end=\"5147\">Incluyen recopilaci\u00f3n, registro, almacenamiento, modificaci\u00f3n, transferencia, anonimizaci\u00f3n y eliminaci\u00f3n.<\/p>\n<hr class=\"\" data-start=\"5149\" data-end=\"5152\" \/>\n<h3 class=\"\" data-start=\"5154\" data-end=\"5193\">10. Transferencia Transfronteriza<\/h3>\n<ul data-start=\"5194\" data-end=\"5324\">\n<li class=\"\" data-start=\"5194\" data-end=\"5251\">\n<p class=\"\" data-start=\"5196\" data-end=\"5251\">Requiere notificaci\u00f3n previa al organismo autorizado.<\/p>\n<\/li>\n<li class=\"\" data-start=\"5252\" data-end=\"5324\">\n<p class=\"\" data-start=\"5254\" data-end=\"5324\">El destinatario extranjero debe proporcionar la informaci\u00f3n necesaria.<\/p>\n<\/li>\n<\/ul>\n<hr class=\"\" data-start=\"5326\" data-end=\"5329\" \/>\n<h3 class=\"\" data-start=\"5331\" data-end=\"5357\">11. Confidencialidad<\/h3>\n<p class=\"\" data-start=\"5358\" data-end=\"5461\">La Operadora y las personas autorizadas no divulgar\u00e1n datos sin consentimiento, salvo obligaci\u00f3n legal.<\/p>\n<hr class=\"\" data-start=\"5463\" data-end=\"5466\" \/>\n<h3 class=\"\" data-start=\"5468\" data-end=\"5499\">12. Disposiciones Finales<\/h3>\n<p class=\"\" data-start=\"5500\" data-end=\"5813\">12.1. Los usuarios pueden contactar a <strong data-start=\"5538\" data-end=\"5568\"><a rel=\"noopener\" data-start=\"5540\" data-end=\"5566\">dariaigna.ill.ph@gmail.com<\/a><\/strong> para aclaraciones.<br data-start=\"5587\" data-end=\"5590\" \/>12.2. La Pol\u00edtica se actualiza seg\u00fan sea necesario y permanece vigente hasta su sustituci\u00f3n.<br data-start=\"5682\" data-end=\"5685\" \/>12.3. La versi\u00f3n actual est\u00e1 disponible en: <a class=\"\" href=\"https:\/\/dariaignailph.com\/privacy-policy\" target=\"_new\" rel=\"noopener\" data-start=\"5729\" data-end=\"5813\">https:\/\/dariaignailph.com\/privacy-policy<\/a><\/p>\n","protected":false},"excerpt":{"rendered":"<p>1. Disposiciones Generales Esta Pol\u00edtica de Tratamiento de Datos Personales (en adelante, la \u201cPol\u00edtica\u201d) se elabora de conformidad con los<\/p>\n","protected":false},"author":1,"featured_media":0,"parent":0,"menu_order":0,"comment_status":"closed","ping_status":"open","template":"","meta":{"footnotes":""},"class_list":["post-16808","page","type-page","status-publish","hentry"],"_links":{"self":[{"href":"https:\/\/dariaignailph.com\/es\/wp-json\/wp\/v2\/pages\/16808","targetHints":{"allow":["GET"]}}],"collection":[{"href":"https:\/\/dariaignailph.com\/es\/wp-json\/wp\/v2\/pages"}],"about":[{"href":"https:\/\/dariaignailph.com\/es\/wp-json\/wp\/v2\/types\/page"}],"author":[{"embeddable":true,"href":"https:\/\/dariaignailph.com\/es\/wp-json\/wp\/v2\/users\/1"}],"replies":[{"embeddable":true,"href":"https:\/\/dariaignailph.com\/es\/wp-json\/wp\/v2\/comments?post=16808"}],"version-history":[{"count":2,"href":"https:\/\/dariaignailph.com\/es\/wp-json\/wp\/v2\/pages\/16808\/revisions"}],"predecessor-version":[{"id":16810,"href":"https:\/\/dariaignailph.com\/es\/wp-json\/wp\/v2\/pages\/16808\/revisions\/16810"}],"wp:attachment":[{"href":"https:\/\/dariaignailph.com\/es\/wp-json\/wp\/v2\/media?parent=16808"}],"curies":[{"name":"wp","href":"https:\/\/api.w.org\/{rel}","templated":true}]}}