{"id":16801,"date":"2025-04-21T13:12:26","date_gmt":"2025-04-21T10:12:26","guid":{"rendered":"https:\/\/dariaignailph.com\/oferta-publica\/"},"modified":"2025-05-12T19:31:57","modified_gmt":"2025-05-12T16:31:57","slug":"oferta-publica","status":"publish","type":"page","link":"https:\/\/dariaignailph.com\/es\/oferta-publica","title":{"rendered":"OFERTA P\u00daBLICA"},"content":{"rendered":"\t\t<div data-elementor-type=\"wp-page\" data-elementor-id=\"16801\" class=\"elementor elementor-16801 elementor-14\" data-elementor-post-type=\"page\">\n\t\t\t\t<div class=\"wd-negative-gap elementor-element elementor-element-4fe2f675 e-flex e-con-boxed e-con e-parent\" data-id=\"4fe2f675\" data-element_type=\"container\">\n\t\t\t\t\t<div class=\"e-con-inner\">\n\t\t\t\t<div class=\"elementor-element elementor-element-64328c9b color-scheme-inherit text-left elementor-widget elementor-widget-text-editor\" data-id=\"64328c9b\" data-element_type=\"widget\" data-widget_type=\"text-editor.default\">\n\t\t\t\t<div class=\"elementor-widget-container\">\n\t\t\t\t\t\t\t\t\t<p class=\"\" data-start=\"116\" data-end=\"170\"><strong data-start=\"116\" data-end=\"170\">para la venta de productos digitales (fotograf\u00edas)<\/strong><\/p><p class=\"\" data-start=\"172\" data-end=\"457\"><strong data-start=\"172\" data-end=\"200\">Prestadora del servicio:<\/strong> Darya Alekseevna Ignatenko (trabajadora aut\u00f3noma, NIF 611186318111 ), sitio web: <a class=\"\" href=\"https:\/\/dariaignailph.com\" target=\"_new\" rel=\"noopener\" data-start=\"263\" data-end=\"317\">https:\/\/dariaignailph.com<\/a>, e-mail: <a rel=\"noopener\" data-start=\"327\" data-end=\"353\">dariaigna.ill.ph@gmail.com<\/a><br data-start=\"353\" data-end=\"356\" \/><strong data-start=\"356\" data-end=\"370\">Comprador:<\/strong> Persona f\u00edsica o jur\u00eddica que acepta la presente oferta mediante el pago del Producto.<\/p><hr class=\"\" data-start=\"459\" data-end=\"462\" \/><h3 class=\"\" data-start=\"464\" data-end=\"492\">1. Objeto de la oferta<\/h3><p class=\"\" data-start=\"493\" data-end=\"919\">1.1. La Prestadora se compromete a entregar al Comprador un producto digital \u2014 una o varias fotograf\u00edas en formato electr\u00f3nico (en adelante, el Producto), y el Comprador se compromete a pagar por dicho Producto en los t\u00e9rminos de esta oferta.<br data-start=\"735\" data-end=\"738\" \/>1.2. El pago se realiza a trav\u00e9s del sistema de pagos Robokassa (<a class=\"\" href=\"https:\/\/robokassa.com\" target=\"_new\" rel=\"noopener\" data-start=\"803\" data-end=\"849\">https:\/\/robokassa.com<\/a>). La confirmaci\u00f3n del pago se considera como aceptaci\u00f3n de la oferta.<\/p><hr class=\"\" data-start=\"921\" data-end=\"924\" \/><h3 class=\"\" data-start=\"926\" data-end=\"952\">2. Proceso de compra<\/h3><p class=\"\" data-start=\"953\" data-end=\"1192\">2.1. El Comprador selecciona el Producto en el sitio web <a class=\"\" href=\"https:\/\/dariaignailph.com\" target=\"_new\" rel=\"noopener\" data-start=\"1010\" data-end=\"1064\">https:\/\/dariaignailph.com<\/a> y realiza el pedido.<br data-start=\"1085\" data-end=\"1088\" \/>2.2. Tras el pago exitoso mediante Robokassa, el Comprador recibir\u00e1 al correo electr\u00f3nico proporcionado:<\/p><ul data-start=\"1194\" data-end=\"1271\"><li class=\"\" data-start=\"1194\" data-end=\"1233\"><p class=\"\" data-start=\"1196\" data-end=\"1233\">Un enlace de descarga del Producto;<\/p><\/li><li class=\"\" data-start=\"1234\" data-end=\"1271\"><p class=\"\" data-start=\"1236\" data-end=\"1271\">El acuerdo de licencia (si aplica).<\/p><\/li><\/ul><p class=\"\" data-start=\"1273\" data-end=\"1451\">2.3. El Producto se considera entregado en el momento del env\u00edo del enlace. El Comprador es responsable de conservar los datos recibidos (por ejemplo, evitar eliminar el correo).<\/p><hr class=\"\" data-start=\"1453\" data-end=\"1456\" \/><h3 class=\"\" data-start=\"1458\" data-end=\"1489\">3. Precio y forma de pago<\/h3><p class=\"\" data-start=\"1490\" data-end=\"1843\">3.1. El precio del Producto est\u00e1 indicado en el sitio web. La Prestadora tiene derecho a modificar los precios sin previo aviso.<br data-start=\"1618\" data-end=\"1621\" \/>3.2. El pago se realiza en rublos rusos a trav\u00e9s de Robokassa (tarjetas bancarias, monederos electr\u00f3nicos y otros m\u00e9todos disponibles en el servicio).<br data-start=\"1771\" data-end=\"1774\" \/>3.3. Las comisiones del sistema de pago corren a cargo del Comprador.<\/p><hr class=\"\" data-start=\"1845\" data-end=\"1848\" \/><h3 class=\"\" data-start=\"1850\" data-end=\"1873\">4. Licencia y uso<\/h3><p class=\"\" data-start=\"1874\" data-end=\"2024\">4.1. El Producto se entrega bajo una licencia no exclusiva para uso personal y no comercial, salvo que se indique lo contrario.<br data-start=\"2001\" data-end=\"2004\" \/>4.2. Est\u00e1 prohibido:<\/p><ul data-start=\"2026\" data-end=\"2214\"><li class=\"\" data-start=\"2026\" data-end=\"2051\"><p class=\"\" data-start=\"2028\" data-end=\"2051\">Revender el Producto;<\/p><\/li><li class=\"\" data-start=\"2052\" data-end=\"2141\"><p class=\"\" data-start=\"2054\" data-end=\"2141\">Utilizar el Producto con fines comerciales sin autorizaci\u00f3n escrita de la Prestadora;<\/p><\/li><li class=\"\" data-start=\"2142\" data-end=\"2214\"><p class=\"\" data-start=\"2144\" data-end=\"2214\">Subir el Producto a bancos de im\u00e1genes o incluirlo en colecciones NFT.<\/p><\/li><\/ul><hr class=\"\" data-start=\"2216\" data-end=\"2219\" \/><h3 class=\"\" data-start=\"2221\" data-end=\"2251\">5. Pol\u00edtica de reembolso<\/h3><p class=\"\" data-start=\"2252\" data-end=\"2603\">5.1. Los productos digitales no est\u00e1n sujetos a devoluci\u00f3n (seg\u00fan el art\u00edculo 26.1 de la Ley de Protecci\u00f3n al Consumidor de Rusia).<br data-start=\"2383\" data-end=\"2386\" \/>5.2. Se hacen excepciones en caso de errores t\u00e9cnicos en el pago (por ejemplo, pagos duplicados o no recepci\u00f3n del Producto). En este caso, el Comprador deber\u00e1 proporcionar capturas de pantalla que demuestren el pago.<\/p><hr class=\"\" data-start=\"2605\" data-end=\"2608\" \/><h3 class=\"\" data-start=\"2610\" data-end=\"2634\">6. Responsabilidad<\/h3><p class=\"\" data-start=\"2635\" data-end=\"2679\">6.1. La Prestadora no se responsabiliza por:<\/p><ul data-start=\"2681\" data-end=\"2831\"><li class=\"\" data-start=\"2681\" data-end=\"2771\"><p class=\"\" data-start=\"2683\" data-end=\"2771\">La p\u00e9rdida del Producto por parte del Comprador (por ejemplo, eliminaci\u00f3n del correo);<\/p><\/li><li class=\"\" data-start=\"2772\" data-end=\"2831\"><p class=\"\" data-start=\"2774\" data-end=\"2831\">El uso indebido del Producto en violaci\u00f3n de la licencia.<\/p><\/li><\/ul><p class=\"\" data-start=\"2833\" data-end=\"2928\">6.2. La responsabilidad m\u00e1xima de la Prestadora se limita al reembolso del precio del Producto.<\/p><hr class=\"\" data-start=\"2930\" data-end=\"2933\" \/><h3 class=\"\" data-start=\"2935\" data-end=\"2954\">7. Privacidad<\/h3><p class=\"\" data-start=\"2955\" data-end=\"3130\">Los datos personales del Comprador se procesan de acuerdo con la Pol\u00edtica de Privacidad (<a class=\"\" href=\"https:\/\/dariaignailph.com\/privacy-policy\" target=\"_new\" rel=\"noopener\" data-start=\"3044\" data-end=\"3128\">https:\/\/dariaignailph.com\/privacy-policy<\/a>).<\/p><hr class=\"\" data-start=\"3132\" data-end=\"3135\" \/><h3 class=\"\" data-start=\"3137\" data-end=\"3167\">8. Disposiciones finales<\/h3><p class=\"\" data-start=\"3168\" data-end=\"3584\">8.1. Al realizar el pago, el Comprador confirma su aceptaci\u00f3n de los t\u00e9rminos de esta oferta.<br data-start=\"3261\" data-end=\"3264\" \/>8.2. Las disputas se resuelven de forma extrajudicial. Si no se llega a un acuerdo, se resolver\u00e1n ante el tribunal del lugar de registro de la Prestadora.<br data-start=\"3418\" data-end=\"3421\" \/>8.3. Esta oferta es v\u00e1lida por tiempo indefinido. La Prestadora se reserva el derecho de realizar modificaciones. La versi\u00f3n actual est\u00e1 publicada en el sitio web.<\/p>\t\t\t\t\t\t\t\t<\/div>\n\t\t\t\t<\/div>\n\t\t\t\t\t<\/div>\n\t\t\t\t<\/div>\n\t\t\t\t<\/div>\n\t\t","protected":false},"excerpt":{"rendered":"<p>para la venta de productos digitales (fotograf\u00edas) Prestadora del servicio: Darya Alekseevna Ignatenko (trabajadora aut\u00f3noma, NIF 611186318111 ), sitio web:<\/p>\n","protected":false},"author":1,"featured_media":0,"parent":0,"menu_order":0,"comment_status":"closed","ping_status":"closed","template":"","meta":{"footnotes":""},"class_list":["post-16801","page","type-page","status-publish","hentry"],"_links":{"self":[{"href":"https:\/\/dariaignailph.com\/es\/wp-json\/wp\/v2\/pages\/16801","targetHints":{"allow":["GET"]}}],"collection":[{"href":"https:\/\/dariaignailph.com\/es\/wp-json\/wp\/v2\/pages"}],"about":[{"href":"https:\/\/dariaignailph.com\/es\/wp-json\/wp\/v2\/types\/page"}],"author":[{"embeddable":true,"href":"https:\/\/dariaignailph.com\/es\/wp-json\/wp\/v2\/users\/1"}],"replies":[{"embeddable":true,"href":"https:\/\/dariaignailph.com\/es\/wp-json\/wp\/v2\/comments?post=16801"}],"version-history":[{"count":3,"href":"https:\/\/dariaignailph.com\/es\/wp-json\/wp\/v2\/pages\/16801\/revisions"}],"predecessor-version":[{"id":17980,"href":"https:\/\/dariaignailph.com\/es\/wp-json\/wp\/v2\/pages\/16801\/revisions\/17980"}],"wp:attachment":[{"href":"https:\/\/dariaignailph.com\/es\/wp-json\/wp\/v2\/media?parent=16801"}],"curies":[{"name":"wp","href":"https:\/\/api.w.org\/{rel}","templated":true}]}}