{"id":16671,"date":"2021-10-12T15:51:09","date_gmt":"2021-10-12T12:51:09","guid":{"rendered":"https:\/\/dariaignailph.com\/contacto\/"},"modified":"2025-10-24T18:02:43","modified_gmt":"2025-10-24T15:02:43","slug":"contacto","status":"publish","type":"page","link":"https:\/\/dariaignailph.com\/es\/contacto","title":{"rendered":"Contacto"},"content":{"rendered":"\t\t<div data-elementor-type=\"wp-page\" data-elementor-id=\"16671\" class=\"elementor elementor-16671 elementor-4400\" data-elementor-post-type=\"page\">\n\t\t\t\t<div class=\"wd-negative-gap elementor-element elementor-element-dba084f e-flex e-con-boxed e-con e-parent\" data-id=\"dba084f\" data-element_type=\"container\">\n\t\t\t\t\t<div class=\"e-con-inner\">\n\t\t<div class=\"elementor-element elementor-element-ceedf82 e-con-full e-flex e-con e-child\" data-id=\"ceedf82\" data-element_type=\"container\">\n\t\t<div class=\"elementor-element elementor-element-d15b73c e-con-full e-flex e-con e-child\" data-id=\"d15b73c\" data-element_type=\"container\">\n\t\t\t\t<div class=\"elementor-element elementor-element-6d9ab24 elementor-widget elementor-widget-image\" data-id=\"6d9ab24\" data-element_type=\"widget\" data-widget_type=\"image.default\">\n\t\t\t\t<div class=\"elementor-widget-container\">\n\t\t\t\t\t\t\t\t\t\t\t\t\t\t\t<img fetchpriority=\"high\" decoding=\"async\" width=\"2560\" height=\"2556\" src=\"https:\/\/dariaignailph.com\/wp-content\/uploads\/2025\/10\/2-ill-ph-di-1-scaled.jpg\" class=\"attachment-full size-full wp-image-21207\" alt=\"\" srcset=\"https:\/\/dariaignailph.com\/wp-content\/uploads\/2025\/10\/2-ill-ph-di-1-scaled.jpg 2560w, https:\/\/dariaignailph.com\/wp-content\/uploads\/2025\/10\/2-ill-ph-di-1-300x300.jpg 300w, https:\/\/dariaignailph.com\/wp-content\/uploads\/2025\/10\/2-ill-ph-di-1-801x800.jpg 801w, https:\/\/dariaignailph.com\/wp-content\/uploads\/2025\/10\/2-ill-ph-di-1-150x150.jpg 150w, https:\/\/dariaignailph.com\/wp-content\/uploads\/2025\/10\/2-ill-ph-di-1-768x767.jpg 768w, https:\/\/dariaignailph.com\/wp-content\/uploads\/2025\/10\/2-ill-ph-di-1-1536x1534.jpg 1536w, https:\/\/dariaignailph.com\/wp-content\/uploads\/2025\/10\/2-ill-ph-di-1-2048x2045.jpg 2048w, https:\/\/dariaignailph.com\/wp-content\/uploads\/2025\/10\/2-ill-ph-di-1-430x429.jpg 430w, https:\/\/dariaignailph.com\/wp-content\/uploads\/2025\/10\/2-ill-ph-di-1-700x699.jpg 700w\" sizes=\"(max-width: 2560px) 100vw, 2560px\" \/>\t\t\t\t\t\t\t\t\t\t\t\t\t\t\t<\/div>\n\t\t\t\t<\/div>\n\t\t\t\t<\/div>\n\t\t<div class=\"elementor-element elementor-element-717b08d e-con-full e-flex e-con e-child\" data-id=\"717b08d\" data-element_type=\"container\">\n\t\t\t\t<div class=\"elementor-element elementor-element-5e1b699 elementor-widget elementor-widget-heading\" data-id=\"5e1b699\" data-element_type=\"widget\" data-widget_type=\"heading.default\">\n\t\t\t\t<div class=\"elementor-widget-container\">\n\t\t\t\t\t<h2 class=\"elementor-heading-title elementor-size-default\">Contacto<\/h2>\t\t\t\t<\/div>\n\t\t\t\t<\/div>\n\t\t\t\t<div class=\"elementor-element elementor-element-7a9b970 color-scheme-inherit text-left elementor-widget elementor-widget-text-editor\" data-id=\"7a9b970\" data-element_type=\"widget\" data-widget_type=\"text-editor.default\">\n\t\t\t\t<div class=\"elementor-widget-container\">\n\t\t\t\t\t\t\t\t\t<p>Correo electr\u00f3nico<\/p><\/p>\n\t\t\t\t\t\t\t\t<\/div>\n\t\t\t\t<\/div>\n\t\t\t\t<div class=\"elementor-element elementor-element-b8b26fa color-scheme-inherit text-left elementor-widget elementor-widget-text-editor\" data-id=\"b8b26fa\" data-element_type=\"widget\" data-widget_type=\"text-editor.default\">\n\t\t\t\t<div class=\"elementor-widget-container\">\n\t\t\t\t\t\t\t\t\t<p>dariaigna.ill.ph@gmail.com<\/p><\/p>\n\t\t\t\t\t\t\t\t<\/div>\n\t\t\t\t<\/div>\n\t\t\t\t<div class=\"elementor-element elementor-element-0a5fb1a color-scheme-inherit text-left elementor-widget elementor-widget-text-editor\" data-id=\"0a5fb1a\" data-element_type=\"widget\" data-widget_type=\"text-editor.default\">\n\t\t\t\t<div class=\"elementor-widget-container\">\n\t\t\t\t\t\t\t\t\t<p>Es un placer recibirle en mi web. Sus comentarios y preguntas son muy importantes para m\u00ed. Si tiene alguna consulta, s<span style=\"font-weight: 400;\">ugerencia o simplemente desea compartir su opini\u00f3n, no dude en escribirme. Complete el formulario a continuaci\u00f3n o env\u00edeme un correo electr\u00f3nico y me pondr\u00e9 en contacto con usted muy pronto. <\/span><\/p>\t\t\t\t\t\t\t\t<\/div>\n\t\t\t\t<\/div>\n\t\t\t\t<div class=\"elementor-element elementor-element-552adca elementor-button-align-stretch elementor-widget elementor-widget-form\" data-id=\"552adca\" data-element_type=\"widget\" data-settings=\"{&quot;button_width&quot;:&quot;50&quot;,&quot;step_next_label&quot;:&quot;Siguiente&quot;,&quot;step_previous_label&quot;:&quot;Anterior&quot;,&quot;step_type&quot;:&quot;number_text&quot;,&quot;step_icon_shape&quot;:&quot;circle&quot;}\" data-widget_type=\"form.default\">\n\t\t\t\t<div class=\"elementor-widget-container\">\n\t\t\t\t\t\t\t<form class=\"elementor-form\" method=\"post\" name=\"Nuevo formulario\">\n\t\t\t<input type=\"hidden\" name=\"post_id\" value=\"16671\"\/>\n\t\t\t<input type=\"hidden\" name=\"form_id\" value=\"552adca\"\/>\n\t\t\t<input type=\"hidden\" name=\"referer_title\" value=\"ContactoDaria Igna\" \/>\n\n\t\t\t\t\t\t\t<input type=\"hidden\" name=\"queried_id\" value=\"16671\"\/>\n\t\t\t\n\t\t\t<div class=\"elementor-form-fields-wrapper elementor-labels-above\">\n\t\t\t\t\t\t\t\t<div class=\"elementor-field-type-text elementor-field-group elementor-column elementor-field-group-name elementor-col-100\">\n\t\t\t\t\t\t\t\t\t\t\t\t\t<input size=\"1\" type=\"text\" name=\"form_fields[name]\" id=\"form-field-name\" class=\"elementor-field elementor-size-sm  elementor-field-textual\" placeholder=\"Nombre\">\n\t\t\t\t\t\t\t\t\t\t\t<\/div>\n\t\t\t\t\t\t\t\t<div class=\"elementor-field-type-email elementor-field-group elementor-column elementor-field-group-email elementor-col-100 elementor-field-required\">\n\t\t\t\t\t\t\t\t\t\t\t\t\t<input size=\"1\" type=\"email\" name=\"form_fields[email]\" id=\"form-field-email\" class=\"elementor-field elementor-size-sm  elementor-field-textual\" placeholder=\"Correo electr\u00f3nico\" required=\"required\">\n\t\t\t\t\t\t\t\t\t\t\t<\/div>\n\t\t\t\t\t\t\t\t<div class=\"elementor-field-type-textarea elementor-field-group elementor-column elementor-field-group-message elementor-col-100\">\n\t\t\t\t\t<textarea class=\"elementor-field-textual elementor-field  elementor-size-sm\" name=\"form_fields[message]\" id=\"form-field-message\" rows=\"4\" placeholder=\"Mensaje\"><\/textarea>\t\t\t\t<\/div>\n\t\t\t\t\t\t\t\t<div class=\"elementor-field-group elementor-column elementor-field-type-submit elementor-col-50 e-form__buttons\">\n\t\t\t\t\t<button class=\"elementor-button elementor-size-sm\" type=\"submit\">\n\t\t\t\t\t\t<span class=\"elementor-button-content-wrapper\">\n\t\t\t\t\t\t\t\t\t\t\t\t\t\t\t\t\t\t\t\t\t\t<span class=\"elementor-button-text\">Enviar<\/span>\n\t\t\t\t\t\t\t\t\t\t\t\t\t<\/span>\n\t\t\t\t\t<\/button>\n\t\t\t\t<\/div>\n\t\t\t<\/div>\n\t\t<\/form>\n\t\t\t\t\t\t<\/div>\n\t\t\t\t<\/div>\n\t\t\t\t<\/div>\n\t\t\t\t<\/div>\n\t\t\t\t\t<\/div>\n\t\t\t\t<\/div>\n\t\t\t\t<\/div>\n\t\t","protected":false},"excerpt":{"rendered":"<p>Correo electr\u00f3nico dariaigna.ill.ph@gmail.com Es un placer recibirle en mi web. Sus comentarios y preguntas son muy importantes para m\u00ed. Si<\/p>\n","protected":false},"author":1,"featured_media":0,"parent":0,"menu_order":0,"comment_status":"closed","ping_status":"closed","template":"","meta":{"footnotes":""},"class_list":["post-16671","page","type-page","status-publish","hentry"],"_links":{"self":[{"href":"https:\/\/dariaignailph.com\/es\/wp-json\/wp\/v2\/pages\/16671","targetHints":{"allow":["GET"]}}],"collection":[{"href":"https:\/\/dariaignailph.com\/es\/wp-json\/wp\/v2\/pages"}],"about":[{"href":"https:\/\/dariaignailph.com\/es\/wp-json\/wp\/v2\/types\/page"}],"author":[{"embeddable":true,"href":"https:\/\/dariaignailph.com\/es\/wp-json\/wp\/v2\/users\/1"}],"replies":[{"embeddable":true,"href":"https:\/\/dariaignailph.com\/es\/wp-json\/wp\/v2\/comments?post=16671"}],"version-history":[{"count":25,"href":"https:\/\/dariaignailph.com\/es\/wp-json\/wp\/v2\/pages\/16671\/revisions"}],"predecessor-version":[{"id":21216,"href":"https:\/\/dariaignailph.com\/es\/wp-json\/wp\/v2\/pages\/16671\/revisions\/21216"}],"wp:attachment":[{"href":"https:\/\/dariaignailph.com\/es\/wp-json\/wp\/v2\/media?parent=16671"}],"curies":[{"name":"wp","href":"https:\/\/api.w.org\/{rel}","templated":true}]}}