{"id":16651,"date":"2022-12-11T12:37:18","date_gmt":"2022-12-11T09:37:18","guid":{"rendered":"https:\/\/dariaignailph.com\/concepto\/"},"modified":"2025-10-24T17:58:55","modified_gmt":"2025-10-24T14:58:55","slug":"concepto","status":"publish","type":"page","link":"https:\/\/dariaignailph.com\/es\/concepto","title":{"rendered":"Concepto"},"content":{"rendered":"\t\t<div data-elementor-type=\"wp-page\" data-elementor-id=\"16651\" class=\"elementor elementor-16651 elementor-2\" data-elementor-post-type=\"page\">\n\t\t\t\t<div class=\"wd-negative-gap elementor-element elementor-element-3c6d9442 e-flex e-con-boxed e-con e-parent\" data-id=\"3c6d9442\" data-element_type=\"container\">\n\t\t\t\t\t<div class=\"e-con-inner\">\n\t\t\t\t<div class=\"elementor-element elementor-element-8a24701 elementor-widget elementor-widget-heading\" data-id=\"8a24701\" data-element_type=\"widget\" data-widget_type=\"heading.default\">\n\t\t\t\t<div class=\"elementor-widget-container\">\n\t\t\t\t\t<h2 class=\"elementor-heading-title elementor-size-default\">Concepto<\/h2>\t\t\t\t<\/div>\n\t\t\t\t<\/div>\n\t\t\t\t<div class=\"elementor-element elementor-element-7a7f889b color-scheme-inherit text-left elementor-widget elementor-widget-text-editor\" data-id=\"7a7f889b\" data-element_type=\"widget\" data-widget_type=\"text-editor.default\">\n\t\t\t\t<div class=\"elementor-widget-container\">\n\t\t\t\t\t\t\t\t\t<p><span style=\"font-weight: 400;\">Creo macrofotograf\u00eda de la naturaleza retocada en formato de ilustraci\u00f3n vectorial. El estilo \u00fanico de mis obras consiste en close ups realistas de la naturaleza combinados con fondos ricos en textura. Veo la forma de las flores y las plantas como una arquitectura que busca su propio \u00e1ngulo y color. A trav\u00e9s de la fotograf\u00eda, quiero que la gente se sumerja en el mundo de los detalles y los matices de la naturaleza. En mi web solo encontrar\u00e1 fotograf\u00eda de edici\u00f3n limitada.<\/span><\/p>\t\t\t\t\t\t\t\t<\/div>\n\t\t\t\t<\/div>\n\t\t\t\t\t<\/div>\n\t\t\t\t<\/div>\n\t\t<div class=\"elementor-element elementor-element-4c85904 e-con-full e-flex e-con e-parent\" data-id=\"4c85904\" data-element_type=\"container\">\n\t\t\t\t<div class=\"elementor-element elementor-element-fb46150 elementor-widget elementor-widget-image\" data-id=\"fb46150\" data-element_type=\"widget\" data-widget_type=\"image.default\">\n\t\t\t\t<div class=\"elementor-widget-container\">\n\t\t\t\t\t\t\t\t\t\t\t\t\t\t\t<img fetchpriority=\"high\" decoding=\"async\" width=\"1220\" height=\"800\" src=\"https:\/\/dariaignailph.com\/wp-content\/uploads\/2025\/10\/6-ill-ph-di-1220x800.jpg\" class=\"attachment-large size-large wp-image-21195\" alt=\"\" srcset=\"https:\/\/dariaignailph.com\/wp-content\/uploads\/2025\/10\/6-ill-ph-di-1220x800.jpg 1220w, https:\/\/dariaignailph.com\/wp-content\/uploads\/2025\/10\/6-ill-ph-di-400x262.jpg 400w, https:\/\/dariaignailph.com\/wp-content\/uploads\/2025\/10\/6-ill-ph-di-768x504.jpg 768w, https:\/\/dariaignailph.com\/wp-content\/uploads\/2025\/10\/6-ill-ph-di-1536x1007.jpg 1536w, https:\/\/dariaignailph.com\/wp-content\/uploads\/2025\/10\/6-ill-ph-di-2048x1343.jpg 2048w, https:\/\/dariaignailph.com\/wp-content\/uploads\/2025\/10\/6-ill-ph-di-430x282.jpg 430w, https:\/\/dariaignailph.com\/wp-content\/uploads\/2025\/10\/6-ill-ph-di-700x459.jpg 700w, https:\/\/dariaignailph.com\/wp-content\/uploads\/2025\/10\/6-ill-ph-di-150x98.jpg 150w\" sizes=\"(max-width: 1220px) 100vw, 1220px\" \/>\t\t\t\t\t\t\t\t\t\t\t\t\t\t\t<\/div>\n\t\t\t\t<\/div>\n\t\t\t\t<\/div>\n\t\t\t\t<\/div>\n\t\t","protected":false},"excerpt":{"rendered":"<p>Creo macrofotograf\u00eda de la naturaleza retocada en formato de ilustraci\u00f3n vectorial. El estilo \u00fanico de mis obras consiste en close<\/p>\n","protected":false},"author":1,"featured_media":0,"parent":0,"menu_order":0,"comment_status":"closed","ping_status":"open","template":"","meta":{"footnotes":""},"class_list":["post-16651","page","type-page","status-publish","hentry"],"_links":{"self":[{"href":"https:\/\/dariaignailph.com\/es\/wp-json\/wp\/v2\/pages\/16651","targetHints":{"allow":["GET"]}}],"collection":[{"href":"https:\/\/dariaignailph.com\/es\/wp-json\/wp\/v2\/pages"}],"about":[{"href":"https:\/\/dariaignailph.com\/es\/wp-json\/wp\/v2\/types\/page"}],"author":[{"embeddable":true,"href":"https:\/\/dariaignailph.com\/es\/wp-json\/wp\/v2\/users\/1"}],"replies":[{"embeddable":true,"href":"https:\/\/dariaignailph.com\/es\/wp-json\/wp\/v2\/comments?post=16651"}],"version-history":[{"count":24,"href":"https:\/\/dariaignailph.com\/es\/wp-json\/wp\/v2\/pages\/16651\/revisions"}],"predecessor-version":[{"id":21204,"href":"https:\/\/dariaignailph.com\/es\/wp-json\/wp\/v2\/pages\/16651\/revisions\/21204"}],"wp:attachment":[{"href":"https:\/\/dariaignailph.com\/es\/wp-json\/wp\/v2\/media?parent=16651"}],"curies":[{"name":"wp","href":"https:\/\/api.w.org\/{rel}","templated":true}]}}